{"id":5376,"date":"2019-02-22T09:27:33","date_gmt":"2019-02-22T09:27:33","guid":{"rendered":"http:\/\/demo.zozothemes.com\/breno\/?page_id=5376"},"modified":"2025-03-08T01:46:47","modified_gmt":"2025-03-08T00:46:47","slug":"contactez-nous","status":"publish","type":"page","link":"https:\/\/tunisie-verte-durable.org\/index.php\/contactez-nous\/","title":{"rendered":"Contactez-nous"},"content":{"rendered":"<div class=\"wpb-content-wrapper\"><p>[vc_row css=&#8221;.vc_custom_1552029739529{padding-bottom: 0px !important;background-image: url(https:\/\/test.zozothemes.com\/test5\/wp-content\/uploads\/2019\/03\/map-bg.png?id=5615) !important;background-position: center !important;background-repeat: no-repeat !important;background-size: contain !important;}&#8221; el_class=&#8221;overflow-visible overflowed&#8221;][vc_column][vc_row_inner css=&#8221;.vc_custom_1552029375010{padding-bottom: -120px !important;}&#8221;][vc_column_inner width=&#8221;1\/2&#8243; offset=&#8221;vc_col-lg-4 vc_col-md-6&#8243;]<div class=\"feature-box-wrapper active feature-box-style-1 text-left vc_custom_1741390735224 shortcode-rand-1 breno-inline-css feature-list-1\" data-css=\"&quot;.shortcode-rand-1.feature-box-wrapper .section-title { color: #151515; }.shortcode-rand-1.feature-box-wrapper .fbox-list .media-body &gt; *:nth-child(1) { margin-bottom: 10px; }.shortcode-rand-1.feature-box-wrapper {background: -moz-linear-gradient(141deg,  0%,  51%,  75%);\\r\\n\\t\\t\\t\\tbackground: -webkit-linear-gradient(141deg,  0%,  51%,  75%);\\r\\n\\t\\t\\t\\tbackground: linear-gradient(141deg,  0%,  51%,  75%);}.shortcode-rand-1 .feature-box-icon { font-size: 40px; }.shortcode-rand-1 .feature-box-icon { color: #6abe52; }.shortcode-rand-1:hover .feature-box-icon { color: #6abe52; }&quot;\" ><div class=\"fbox-list\"><div class=\"media\"><div class=\"feature-box-icon mr-4 text-center squared none\"><span class=\"ti-home\"><\/span><\/div><!-- .feature-box-icon --><div class=\"media-body\"><div class=\"feature-box-title\"><h5 class=\"section-title\">Adresse<\/h5><\/div><!-- .feature-box-title --><div class=\"feature-box-content\"><strong>Assistance technique au Programme d\u2019appui de l\u2019Union Europ\u00e9enne \u00e0 l\u2019Action environnementale de la Tunisie<\/strong><\/p>\n<p>&nbsp;<\/p>\n<p>R\u00e9sidence Galerie du Lac, Bloc B, 3\u00e9me \u00e9tage, Apt 16<br \/>\nRue du Lac de Constance (angle Rue du Lac Biwa)<br \/>\nBerges du Lac 1, 1053, Tunis, Tunisie.<\/div><!-- .feature-box-content --><\/div><\/div><\/div><\/div><!-- .feature-box-wrapper --><div class=\"feature-box-wrapper active hidden feature-box-style-1 text-left vc_custom_1740069287753 shortcode-rand-2 breno-inline-css feature-list-1\" data-css=\"&quot;.shortcode-rand-2.feature-box-wrapper .section-title { color: #151515; }.shortcode-rand-2.feature-box-wrapper .fbox-list .media-body &gt; *:nth-child(1) { margin-bottom: 10px; }.shortcode-rand-2.feature-box-wrapper {background: -moz-linear-gradient(141deg,  0%,  51%,  75%);\\r\\n\\t\\t\\t\\tbackground: -webkit-linear-gradient(141deg,  0%,  51%,  75%);\\r\\n\\t\\t\\t\\tbackground: linear-gradient(141deg,  0%,  51%,  75%);}.shortcode-rand-2 .feature-box-icon { font-size: 40px; }.shortcode-rand-2 .feature-box-icon { color: #6abe52; }.shortcode-rand-2:hover .feature-box-icon { color: #6abe52; }&quot;\" ><div class=\"fbox-list\"><div class=\"media\"><div class=\"feature-box-icon mr-4 text-center squared none\"><span class=\"ti-headphone\"><\/span><\/div><!-- .feature-box-icon --><div class=\"media-body\"><div class=\"feature-box-title\"><h5 class=\"section-title\">T\u00e9l\u00e9phone<\/h5><\/div><!-- .feature-box-title --><div class=\"feature-box-content\"><strong>Phone<\/strong>: +49 9192 9959-0<\/p>\n<p><strong>Fax<\/strong>: +49 9192 9959-10<\/div><!-- .feature-box-content --><\/div><\/div><\/div><\/div><!-- .feature-box-wrapper --><div class=\"feature-box-wrapper active feature-box-style-1 text-left vc_custom_1740068920273 shortcode-rand-3 breno-inline-css feature-list-1\" data-css=\"&quot;.shortcode-rand-3.feature-box-wrapper .section-title { color: #151515; }.shortcode-rand-3.feature-box-wrapper .fbox-list .media-body &gt; *:nth-child(1) { margin-bottom: 10px; }.shortcode-rand-3.feature-box-wrapper {background: -moz-linear-gradient(141deg,  0%,  51%,  75%);\\r\\n\\t\\t\\t\\tbackground: -webkit-linear-gradient(141deg,  0%,  51%,  75%);\\r\\n\\t\\t\\t\\tbackground: linear-gradient(141deg,  0%,  51%,  75%);}.shortcode-rand-3 .feature-box-icon { font-size: 40px; }.shortcode-rand-3 .feature-box-icon { color: #6abe52; }.shortcode-rand-3:hover .feature-box-icon { color: #6abe52; }&quot;\" ><div class=\"fbox-list\"><div class=\"media\"><div class=\"feature-box-icon mr-4 text-center squared none\"><span class=\"ti-email\"><\/span><\/div><!-- .feature-box-icon --><div class=\"media-body\"><div class=\"feature-box-title\"><h5 class=\"section-title\">E-mail<\/h5><\/div><!-- .feature-box-title --><div class=\"feature-box-content\"><strong>Email:<\/strong>\u00a0<a href=\"mailto:contact@tunisie-verte-durable.org\">contact@tunisie-verte-durable.org<\/a><\/div><!-- .feature-box-content --><\/div><\/div><\/div><\/div><!-- .feature-box-wrapper -->[\/vc_column_inner][vc_column_inner width=&#8221;1\/12&#8243;][\/vc_column_inner][vc_column_inner width=&#8221;1\/2&#8243; offset=&#8221;vc_col-lg-7 vc_col-md-6&#8243;]<div class=\"contact-form-wrapper contact-form-grey shortcode-rand-4 breno-inline-css\" data-css=\"&quot;.shortcode-rand-4.contact-form-wrapper { color: #ffffff; }&quot;\"><h3 class=\"contact-form-title\">Envoyez votre message<\/h3><div class=\"contact-form\">\n<div class=\"wpcf7 no-js\" id=\"wpcf7-f1241-o1\" lang=\"en-US\" dir=\"ltr\" data-wpcf7-id=\"1241\">\n<div class=\"screen-reader-response\"><p role=\"status\" aria-live=\"polite\" aria-atomic=\"true\"><\/p> <ul><\/ul><\/div>\n<form action=\"\/index.php\/wp-json\/wp\/v2\/pages\/5376#wpcf7-f1241-o1\" method=\"post\" class=\"wpcf7-form init\" aria-label=\"Contact form\" novalidate=\"novalidate\" data-status=\"init\">\n<div style=\"display: none;\">\n<input type=\"hidden\" name=\"_wpcf7\" value=\"1241\" \/>\n<input type=\"hidden\" name=\"_wpcf7_version\" value=\"6.0.4\" \/>\n<input type=\"hidden\" name=\"_wpcf7_locale\" value=\"en_US\" \/>\n<input type=\"hidden\" name=\"_wpcf7_unit_tag\" value=\"wpcf7-f1241-o1\" \/>\n<input type=\"hidden\" name=\"_wpcf7_container_post\" value=\"0\" \/>\n<input type=\"hidden\" name=\"_wpcf7_posted_data_hash\" value=\"\" \/>\n<\/div>\n<div class=\"row\">\n\t<div class=\"col-md-6 col-sm-12 form-group\">\n\t\t<p><span class=\"wpcf7-form-control-wrap\" data-name=\"your-name\"><input size=\"40\" maxlength=\"400\" class=\"wpcf7-form-control wpcf7-text wpcf7-validates-as-required\" aria-required=\"true\" aria-invalid=\"false\" placeholder=\"Pr\u00e9nom et Nom*\" value=\"\" type=\"text\" name=\"your-name\" \/><\/span>\n\t\t<\/p>\n\t\t<div class=\"wpcf7-validation-errors\">\n\t\t<\/div>\n\t<\/div>\n\t<div class=\"col-md-6 col-sm-12 form-group\">\n\t\t<p><span class=\"wpcf7-form-control-wrap\" data-name=\"your-email\"><input size=\"40\" maxlength=\"400\" class=\"wpcf7-form-control wpcf7-email wpcf7-validates-as-required wpcf7-text wpcf7-validates-as-email\" aria-required=\"true\" aria-invalid=\"false\" placeholder=\"E-mail*\" value=\"\" type=\"email\" name=\"your-email\" \/><\/span>\n\t\t<\/p>\n\t\t<div class=\"wpcf7-validation-errors\">\n\t\t<\/div>\n\t<\/div>\n\t<div class=\"col-md-12 col-sm-12 form-group\">\n\t\t<p><span class=\"wpcf7-form-control-wrap\" data-name=\"your-function\"><input size=\"40\" maxlength=\"400\" class=\"wpcf7-form-control wpcf7-text wpcf7-validates-as-required\" aria-required=\"true\" aria-invalid=\"false\" placeholder=\"Fonction*\" value=\"\" type=\"text\" name=\"your-function\" \/><\/span>\n\t\t<\/p>\n\t\t<div class=\"wpcf7-validation-errors\">\n\t\t<\/div>\n\t<\/div>\n\t<div class=\"col-md-12 col-sm-12 form-group\">\n\t\t<p><span class=\"wpcf7-form-control-wrap\" data-name=\"your-message\"><textarea cols=\"40\" rows=\"10\" maxlength=\"2000\" class=\"wpcf7-form-control wpcf7-textarea wpcf7-validates-as-required\" aria-required=\"true\" aria-invalid=\"false\" placeholder=\"Message*\" name=\"your-message\"><\/textarea><\/span>\n\t\t<\/p>\n\t\t<div class=\"wpcf7-validation-errors\">\n\t\t<\/div>\n\t<\/div>\n<\/div>\n<p><span id=\"wpcf7-69f0e5050b629-wrapper\" class=\"wpcf7-form-control-wrap email-wrap\" style=\"display:none !important; visibility:hidden !important;\"><label for=\"wpcf7-69f0e5050b629-field\" class=\"hp-message\">Please leave this field empty.<\/label><input id=\"wpcf7-69f0e5050b629-field\"  class=\"wpcf7-form-control wpcf7-text\" type=\"text\" name=\"email\" value=\"\" size=\"40\" tabindex=\"-1\" autocomplete=\"new-password\" \/><\/span><br \/>\n<input class=\"wpcf7-form-control wpcf7-submit has-spinner\" type=\"submit\" value=\"Envoyez\" \/>\n<\/p><div class=\"wpcf7-response-output\" aria-hidden=\"true\"><\/div>\n<\/form>\n<\/div>\n<\/div><!-- .contact-form --><\/div><!-- .contact-form-wrapper -->[\/vc_column_inner][\/vc_row_inner][\/vc_column][\/vc_row][vc_row full_width=&#8221;stretch_row&#8221; css=&#8221;.vc_custom_1552029586068{padding-top: 0px !important;padding-right: 0px !important;padding-bottom: 0px !important;padding-left: 0px !important;}&#8221;][vc_column css=&#8221;.vc_custom_1549878027078{padding-right: 0px !important;padding-left: 0px !important;}&#8221;][vc_gmaps link=&#8221;#E-8_JTNDaWZyYW1lJTIwc3JjJTNEJTIyaHR0cHMlM0ElMkYlMkZ3d3cuZ29vZ2xlLmNvbSUyRm1hcHMlMkZlbWJlZCUzRnBiJTNEJTIxMW0xNyUyMTFtMTIlMjExbTMlMjExZDIzMy45MzkxNDUyMTAwNzE2NyUyMTJkMTAuMjMxNTc0Mzk2NTY1MTg2JTIxM2QzNi44MzEzNzU1NjI0Nzk1MTUlMjEybTMlMjExZjAlMjEyZjAlMjEzZjAlMjEzbTIlMjExaTEwMjQlMjEyaTc2OCUyMTRmMTMuMSUyMTNtMiUyMTFtMSUyMTJ6TXpiQ3NEUTVKelV6TGpRaVRpQXhNTUt3TVRNbk5UTXVOeUpGJTIxNWUxJTIxM20yJTIxMXNmciUyMTJzdG4lMjE0djE3NDAwNjkxOTkxNzAlMjE1bTIlMjExc2ZyJTIxMnN0biUyMiUyMHdpZHRoJTNEJTIyNjAwJTIyJTIwaGVpZ2h0JTNEJTIyNDUwJTIyJTIwc3R5bGUlM0QlMjJib3JkZXIlM0EwJTNCJTIyJTIwYWxsb3dmdWxsc2NyZWVuJTNEJTIyJTIyJTIwbG9hZGluZyUzRCUyMmxhenklMjIlMjByZWZlcnJlcnBvbGljeSUzRCUyMm5vLXJlZmVycmVyLXdoZW4tZG93bmdyYWRlJTIyJTNFJTNDJTJGaWZyYW1lJTNF&#8221; css=&#8221;.vc_custom_1740069206459{margin-bottom: 0px !important;}&#8221;][\/vc_column][\/vc_row]<\/p>\n<\/div>","protected":false},"excerpt":{"rendered":"<p>[vc_row css=&#8221;.vc_custom_1552029739529{padding-bottom: 0px !important;background-image: url(https:\/\/test.zozothemes.com\/test5\/wp-content\/uploads\/2019\/03\/map-bg.png?id=5615) !important;background-position: center !important;background-repeat: no-repeat !important;background-size: contain !important;}&#8221; el_class=&#8221;overflow-visible overflowed&#8221;][vc_column][vc_row_inner css=&#8221;.vc_custom_1552029375010{padding-bottom: -120px !important;}&#8221;][vc_column_inner width=&#8221;1\/2&#8243; offset=&#8221;vc_col-lg-4 vc_col-md-6&#8243;][\/vc_column_inner][vc_column_inner width=&#8221;1\/12&#8243;][\/vc_column_inner][vc_column_inner width=&#8221;1\/2&#8243; offset=&#8221;vc_col-lg-7 vc_col-md-6&#8243;][\/vc_column_inner][\/vc_row_inner][\/vc_column][\/vc_row][vc_row full_width=&#8221;stretch_row&#8221; css=&#8221;.vc_custom_1552029586068{padding-top: 0px !important;padding-right: 0px !important;padding-bottom: 0px !important;padding-left: 0px !important;}&#8221;][vc_column css=&#8221;.vc_custom_1549878027078{padding-right: 0px !important;padding-left: 0px !important;}&#8221;][vc_gmaps link=&#8221;#E-8_JTNDaWZyYW1lJTIwc3JjJTNEJTIyaHR0cHMlM0ElMkYlMkZ3d3cuZ29vZ2xlLmNvbSUyRm1hcHMlMkZlbWJlZCUzRnBiJTNEJTIxMW0xNyUyMTFtMTIlMjExbTMlMjExZDIzMy45MzkxNDUyMTAwNzE2NyUyMTJkMTAuMjMxNTc0Mzk2NTY1MTg2JTIxM2QzNi44MzEzNzU1NjI0Nzk1MTUlMjEybTMlMjExZjAlMjEyZjAlMjEzZjAlMjEzbTIlMjExaTEwMjQlMjEyaTc2OCUyMTRmMTMuMSUyMTNtMiUyMTFtMSUyMTJ6TXpiQ3NEUTVKelV6TGpRaVRpQXhNTUt3TVRNbk5UTXVOeUpGJTIxNWUxJTIxM20yJTIxMXNmciUyMTJzdG4lMjE0djE3NDAwNjkxOTkxNzAlMjE1bTIlMjExc2ZyJTIxMnN0biUyMiUyMHdpZHRoJTNEJTIyNjAwJTIyJTIwaGVpZ2h0JTNEJTIyNDUwJTIyJTIwc3R5bGUlM0QlMjJib3JkZXIlM0EwJTNCJTIyJTIwYWxsb3dmdWxsc2NyZWVuJTNEJTIyJTIyJTIwbG9hZGluZyUzRCUyMmxhenklMjIlMjByZWZlcnJlcnBvbGljeSUzRCUyMm5vLXJlZmVycmVyLXdoZW4tZG93bmdyYWRlJTIyJTNFJTNDJTJGaWZyYW1lJTNF&#8221; css=&#8221;.vc_custom_1740069206459{margin-bottom: 0px !important;}&#8221;][\/vc_column][\/vc_row]<\/p>\n","protected":false},"author":1,"featured_media":0,"parent":0,"menu_order":0,"comment_status":"closed","ping_status":"closed","template":"","meta":{"_piecal_is_event":false,"_piecal_start_date":"","_piecal_end_date":"","_piecal_is_allday":false,"footnotes":""},"class_list":["post-5376","page","type-page","status-publish","hentry"],"aioseo_notices":[],"_links":{"self":[{"href":"https:\/\/tunisie-verte-durable.org\/index.php\/wp-json\/wp\/v2\/pages\/5376","targetHints":{"allow":["GET"]}}],"collection":[{"href":"https:\/\/tunisie-verte-durable.org\/index.php\/wp-json\/wp\/v2\/pages"}],"about":[{"href":"https:\/\/tunisie-verte-durable.org\/index.php\/wp-json\/wp\/v2\/types\/page"}],"author":[{"embeddable":true,"href":"https:\/\/tunisie-verte-durable.org\/index.php\/wp-json\/wp\/v2\/users\/1"}],"replies":[{"embeddable":true,"href":"https:\/\/tunisie-verte-durable.org\/index.php\/wp-json\/wp\/v2\/comments?post=5376"}],"version-history":[{"count":5,"href":"https:\/\/tunisie-verte-durable.org\/index.php\/wp-json\/wp\/v2\/pages\/5376\/revisions"}],"predecessor-version":[{"id":6370,"href":"https:\/\/tunisie-verte-durable.org\/index.php\/wp-json\/wp\/v2\/pages\/5376\/revisions\/6370"}],"wp:attachment":[{"href":"https:\/\/tunisie-verte-durable.org\/index.php\/wp-json\/wp\/v2\/media?parent=5376"}],"curies":[{"name":"wp","href":"https:\/\/api.w.org\/{rel}","templated":true}]}}