{"id":5914,"date":"2025-01-22T23:02:54","date_gmt":"2025-01-22T22:02:54","guid":{"rendered":"https:\/\/tunisie-verte-durable.org\/?page_id=5914"},"modified":"2025-04-04T23:20:26","modified_gmt":"2025-04-04T21:20:26","slug":"opportunites","status":"publish","type":"page","link":"https:\/\/tunisie-verte-durable.org\/index.php\/opportunites\/","title":{"rendered":"Opportunit\u00e9s"},"content":{"rendered":"<div class=\"wpb-content-wrapper\"><p>[vc_row full_width=&#8221;stretch_row&#8221; css=&#8221;.vc_custom_1740220591187{margin-top: -120px !important;background-color: #FFFFFF !important;}&#8221;][vc_column][vc_row_inner][vc_column_inner]<div class=\"section-title-wrapper text-center shortcode-rand-1 breno-inline-css\" data-css=\"&quot;.shortcode-rand-1 .background-title { font-family:Dancing Script;font-weight:700;font-style:normal }.shortcode-rand-1 .background-title { color: #f0f0f0; }.shortcode-rand-1.section-title-wrapper .sub-title { color: #eb2f5b; }.shortcode-rand-1 .section-title { text-transform: none; }&quot;\"><div class=\"title-wrap bg-title-enabled\"><h2 class=\"section-title\"><\/h2><\/div><!-- .title-wrap --><div class=\"section-description\">D\u00e9couvrez un large \u00e9ventail d&#8217;opportunit\u00e9s pour b\u00e2tir un avenir durable. Que ce soit dans l&#8217;\u00e9cologie ou l&#8217;innovation, nous offrons des initiatives et des ressources pour encourager le d\u00e9veloppement durable. Rejoignez-nous pour transformer les d\u00e9fis environnementaux en solutions innovantes.<\/div><!-- .section-description --><div class=\"button-section\"><\/div><!-- .button-section --><\/div><!-- .section-title-wrapper --><div class=\"blog-wrapper opportunite-list blog-style-3 blog-light\" data-css=\"&quot;&quot;\"><div class=\"row\"><div class=\"col-lg-4 col-md-4\"><div class=\"blog-inner\"><div class=\"post-thumb\"><div class=\"post-thumb-overlay\"><a href=\"https:\/\/tunisie-verte-durable.org\/index.php\/greenovi\/2025\/12\/17\/appel-a-manifestation-dinteret-greenovi-events-2026\/\" class=\"post-link\"><\/a><\/div><img loading=\"lazy\" decoding=\"async\" width=\"544\" height=\"251\" src=\"https:\/\/tunisie-verte-durable.org\/wp-content\/uploads\/2025\/12\/GREENOVI-17-DEC-2025.jpg\" class=\"img-fluid wp-post-image\" alt=\"\" \/><\/div><!-- .post-thumb --><div class=\"entry-title\"><h4><a href=\"https:\/\/tunisie-verte-durable.org\/index.php\/greenovi\/2025\/12\/17\/appel-a-manifestation-dinteret-greenovi-events-2026\/\" class=\"post-title\">Appel \u00e0 manifestation d\u2019int\u00e9r\u00eat &#8211; Greenov&#8217;i Events 2026<\/a><\/h4><\/div><!-- .entry-title --><div class=\"top-meta clearfix\"><ul class=\"top-meta-list\"><li><div class=\"post-date\"><a href=\"https:\/\/tunisie-verte-durable.org\/index.php\/2025\/12\/17\/\" >17 December 2025<\/a><\/div><\/li><\/ul><\/div><div class=\"post-excerpt\"><p>Greenov\u2019i lance son troisi\u00e8me appel<\/p>\n<\/div><!-- .post-excerpt --><div class=\"bottom-meta clearfix\"><ul class=\"bottom-meta-list\"><li><div class=\"post-more\"><a class=\"read-more\" href=\"https:\/\/tunisie-verte-durable.org\/index.php\/greenovi\/2025\/12\/17\/appel-a-manifestation-dinteret-greenovi-events-2026\/\">VOIR PLUS<\/a><\/div><\/li><\/ul><\/div><\/div><!-- .blog-inner --><\/div><!-- .cols --><div class=\"col-lg-4 col-md-4\"><div class=\"blog-inner\"><div class=\"post-thumb\"><div class=\"post-thumb-overlay\"><a href=\"https:\/\/tunisie-verte-durable.org\/index.php\/pagecte\/2025\/12\/16\/lappel-a-projets-du-pagecte\/\" class=\"post-link\"><\/a><\/div><img loading=\"lazy\" decoding=\"async\" width=\"764\" height=\"456\" src=\"https:\/\/tunisie-verte-durable.org\/wp-content\/uploads\/2025\/12\/visuel-appel-a-projets-PAGECTE-764x456.jpg\" class=\"img-fluid wp-post-image\" alt=\"\" srcset=\"https:\/\/tunisie-verte-durable.org\/wp-content\/uploads\/2025\/12\/visuel-appel-a-projets-PAGECTE-764x456.jpg 764w, https:\/\/tunisie-verte-durable.org\/wp-content\/uploads\/2025\/12\/visuel-appel-a-projets-PAGECTE-220x130.jpg 220w\" sizes=\"auto, (max-width: 764px) 100vw, 764px\" \/><\/div><!-- .post-thumb --><div class=\"entry-title\"><h4><a href=\"https:\/\/tunisie-verte-durable.org\/index.php\/pagecte\/2025\/12\/16\/lappel-a-projets-du-pagecte\/\" class=\"post-title\">L&#8217;Appel \u00e0 projets du PAGECTE<\/a><\/h4><\/div><!-- .entry-title --><div class=\"top-meta clearfix\"><ul class=\"top-meta-list\"><li><div class=\"post-date\"><a href=\"https:\/\/tunisie-verte-durable.org\/index.php\/2025\/12\/16\/\" >16 December 2025<\/a><\/div><\/li><\/ul><\/div><div class=\"post-excerpt\"><p>[vc_row][vc_column][vc_column_text css=&#8221;&#8221;] Vous avez un<\/p>\n<\/div><!-- .post-excerpt --><div class=\"bottom-meta clearfix\"><ul class=\"bottom-meta-list\"><li><div class=\"post-more\"><a class=\"read-more\" href=\"https:\/\/tunisie-verte-durable.org\/index.php\/pagecte\/2025\/12\/16\/lappel-a-projets-du-pagecte\/\">VOIR PLUS<\/a><\/div><\/li><\/ul><\/div><\/div><!-- .blog-inner --><\/div><!-- .cols --><div class=\"col-lg-4 col-md-4\"><div class=\"blog-inner\"><div class=\"post-thumb\"><div class=\"post-thumb-overlay\"><a href=\"https:\/\/tunisie-verte-durable.org\/index.php\/greenovi\/2025\/11\/13\/greenovi-appel-a-manifestation-dinteret-greenassist\/\" class=\"post-link\"><\/a><\/div><img loading=\"lazy\" decoding=\"async\" width=\"768\" height=\"456\" src=\"https:\/\/tunisie-verte-durable.org\/wp-content\/uploads\/2025\/11\/image-GreenAssist-768x456.jpg\" class=\"img-fluid wp-post-image\" alt=\"\" srcset=\"https:\/\/tunisie-verte-durable.org\/wp-content\/uploads\/2025\/11\/image-GreenAssist-768x456.jpg 768w, https:\/\/tunisie-verte-durable.org\/wp-content\/uploads\/2025\/11\/image-GreenAssist-440x260.jpg 440w, https:\/\/tunisie-verte-durable.org\/wp-content\/uploads\/2025\/11\/image-GreenAssist-220x130.jpg 220w\" sizes=\"auto, (max-width: 768px) 100vw, 768px\" \/><\/div><!-- .post-thumb --><div class=\"entry-title\"><h4><a href=\"https:\/\/tunisie-verte-durable.org\/index.php\/greenovi\/2025\/11\/13\/greenovi-appel-a-manifestation-dinteret-greenassist\/\" class=\"post-title\">Greenov&#8217;i : Appel \u00e0 Manifestation d\u2019Int\u00e9r\u00eat\u00a0&#8220;GreenAssist&#8221;<\/a><\/h4><\/div><!-- .entry-title --><div class=\"top-meta clearfix\"><ul class=\"top-meta-list\"><li><div class=\"post-date\"><a href=\"https:\/\/tunisie-verte-durable.org\/index.php\/2025\/11\/13\/\" >13 November 2025<\/a><\/div><\/li><\/ul><\/div><div class=\"post-excerpt\"><p>Diagnostic environnemental pour l\u2019appui \u00e0<\/p>\n<\/div><!-- .post-excerpt --><div class=\"bottom-meta clearfix\"><ul class=\"bottom-meta-list\"><li><div class=\"post-more\"><a class=\"read-more\" href=\"https:\/\/tunisie-verte-durable.org\/index.php\/greenovi\/2025\/11\/13\/greenovi-appel-a-manifestation-dinteret-greenassist\/\">VOIR PLUS<\/a><\/div><\/li><\/ul><\/div><\/div><!-- .blog-inner --><\/div><!-- .cols --><\/div><!-- .row --><div class=\"row\"><div class=\"col-lg-4 col-md-4\"><div class=\"blog-inner\"><div class=\"post-thumb\"><div class=\"post-thumb-overlay\"><a href=\"https:\/\/tunisie-verte-durable.org\/index.php\/greenovi\/2025\/07\/12\/mission-dexpertise-deploiement-dune-taxe-carbone-en-tunisie\/\" class=\"post-link\"><\/a><\/div><img loading=\"lazy\" decoding=\"async\" width=\"768\" height=\"456\" src=\"https:\/\/tunisie-verte-durable.org\/wp-content\/uploads\/2025\/07\/taxe-carbone-768x456.jpg\" class=\"img-fluid wp-post-image\" alt=\"\" srcset=\"https:\/\/tunisie-verte-durable.org\/wp-content\/uploads\/2025\/07\/taxe-carbone-768x456.jpg 768w, https:\/\/tunisie-verte-durable.org\/wp-content\/uploads\/2025\/07\/taxe-carbone-440x260.jpg 440w, https:\/\/tunisie-verte-durable.org\/wp-content\/uploads\/2025\/07\/taxe-carbone-220x130.jpg 220w\" sizes=\"auto, (max-width: 768px) 100vw, 768px\" \/><\/div><!-- .post-thumb --><div class=\"entry-title\"><h4><a href=\"https:\/\/tunisie-verte-durable.org\/index.php\/greenovi\/2025\/07\/12\/mission-dexpertise-deploiement-dune-taxe-carbone-en-tunisie\/\" class=\"post-title\">Greenov&#8217;i : Mission d&#8217;expertise &#8211; D\u00e9ploiement d&#8217;une taxe carbone en Tunisie<\/a><\/h4><\/div><!-- .entry-title --><div class=\"top-meta clearfix\"><ul class=\"top-meta-list\"><li><div class=\"post-date\"><a href=\"https:\/\/tunisie-verte-durable.org\/index.php\/2025\/07\/12\/\" >12 July 2025<\/a><\/div><\/li><\/ul><\/div><div class=\"post-excerpt\"><p>Description de la mission La<\/p>\n<\/div><!-- .post-excerpt --><div class=\"bottom-meta clearfix\"><ul class=\"bottom-meta-list\"><li><div class=\"post-more\"><a class=\"read-more\" href=\"https:\/\/tunisie-verte-durable.org\/index.php\/greenovi\/2025\/07\/12\/mission-dexpertise-deploiement-dune-taxe-carbone-en-tunisie\/\">VOIR PLUS<\/a><\/div><\/li><\/ul><\/div><\/div><!-- .blog-inner --><\/div><!-- .cols --><div class=\"col-lg-4 col-md-4\"><div class=\"blog-inner\"><div class=\"post-thumb\"><div class=\"post-thumb-overlay\"><a href=\"https:\/\/tunisie-verte-durable.org\/index.php\/aresse\/2025\/01\/09\/aresse\/\" class=\"post-link\"><\/a><\/div><img loading=\"lazy\" decoding=\"async\" width=\"582\" height=\"456\" src=\"https:\/\/tunisie-verte-durable.org\/wp-content\/uploads\/2025\/04\/MobiDOC-582x456.png\" class=\"img-fluid wp-post-image\" alt=\"\" \/><\/div><!-- .post-thumb --><div class=\"entry-title\"><h4><a href=\"https:\/\/tunisie-verte-durable.org\/index.php\/aresse\/2025\/01\/09\/aresse\/\" class=\"post-title\">Aresse: MobiDoc<\/a><\/h4><\/div><!-- .entry-title --><div class=\"top-meta clearfix\"><ul class=\"top-meta-list\"><li><div class=\"post-date\"><a href=\"https:\/\/tunisie-verte-durable.org\/index.php\/2025\/01\/09\/\" >9 January 2025<\/a><\/div><\/li><\/ul><\/div><div class=\"post-excerpt\"><p>[vc_row css=&#8221;.vc_custom_1743959849190{margin-top: -200px !important;margin-bottom: -80px<\/p>\n<\/div><!-- .post-excerpt --><div class=\"bottom-meta clearfix\"><ul class=\"bottom-meta-list\"><li><div class=\"post-more\"><a class=\"read-more\" href=\"https:\/\/tunisie-verte-durable.org\/index.php\/aresse\/2025\/01\/09\/aresse\/\">VOIR PLUS<\/a><\/div><\/li><\/ul><\/div><\/div><!-- .blog-inner --><\/div><!-- .cols --><div class=\"col-lg-4 col-md-4\"><div class=\"blog-inner\"><div class=\"post-thumb\"><div class=\"post-thumb-overlay\"><a href=\"https:\/\/tunisie-verte-durable.org\/index.php\/greenovi\/2024\/12\/10\/greenovi-green4regions\/\" class=\"post-link\"><\/a><\/div><img loading=\"lazy\" decoding=\"async\" width=\"582\" height=\"456\" src=\"https:\/\/tunisie-verte-durable.org\/wp-content\/uploads\/2025\/04\/2-582x456.png\" class=\"img-fluid wp-post-image\" alt=\"\" \/><\/div><!-- .post-thumb --><div class=\"entry-title\"><h4><a href=\"https:\/\/tunisie-verte-durable.org\/index.php\/greenovi\/2024\/12\/10\/greenovi-green4regions\/\" class=\"post-title\">Greenovi: Green4Regions<\/a><\/h4><\/div><!-- .entry-title --><div class=\"top-meta clearfix\"><ul class=\"top-meta-list\"><li><div class=\"post-date\"><a href=\"https:\/\/tunisie-verte-durable.org\/index.php\/2024\/12\/10\/\" >10 December 2024<\/a><\/div><\/li><\/ul><\/div><div class=\"post-excerpt\"><p>[vc_row css=&#8221;.vc_custom_1743950669276{margin-bottom: -80px !important;}&#8221;][vc_column][vc_column_text css=&#8221;&#8221;]<\/p>\n<\/div><!-- .post-excerpt --><div class=\"bottom-meta clearfix\"><ul class=\"bottom-meta-list\"><li><div class=\"post-more\"><a class=\"read-more\" href=\"https:\/\/tunisie-verte-durable.org\/index.php\/greenovi\/2024\/12\/10\/greenovi-green4regions\/\">VOIR PLUS<\/a><\/div><\/li><\/ul><\/div><\/div><!-- .blog-inner --><\/div><!-- .cols --><\/div><!-- .row --><div class=\"row\"><div class=\"col-lg-4 col-md-4\"><div class=\"blog-inner\"><div class=\"post-thumb\"><div class=\"post-thumb-overlay\"><a href=\"https:\/\/tunisie-verte-durable.org\/index.php\/greenovi\/2024\/12\/09\/greenovi-green4transition\/\" class=\"post-link\"><\/a><\/div><img loading=\"lazy\" decoding=\"async\" width=\"582\" height=\"456\" src=\"https:\/\/tunisie-verte-durable.org\/wp-content\/uploads\/2025\/04\/4-582x456.png\" class=\"img-fluid wp-post-image\" alt=\"\" \/><\/div><!-- .post-thumb --><div class=\"entry-title\"><h4><a href=\"https:\/\/tunisie-verte-durable.org\/index.php\/greenovi\/2024\/12\/09\/greenovi-green4transition\/\" class=\"post-title\">Greenovi: Green4Transition<\/a><\/h4><\/div><!-- .entry-title --><div class=\"top-meta clearfix\"><ul class=\"top-meta-list\"><li><div class=\"post-date\"><a href=\"https:\/\/tunisie-verte-durable.org\/index.php\/2024\/12\/09\/\" >9 December 2024<\/a><\/div><\/li><\/ul><\/div><div class=\"post-excerpt\"><p>[vc_row css=&#8221;.vc_custom_1743950746630{margin-bottom: -80px !important;}&#8221;][vc_column][vc_column_text css=&#8221;&#8221;]Le<\/p>\n<\/div><!-- .post-excerpt --><div class=\"bottom-meta clearfix\"><ul class=\"bottom-meta-list\"><li><div class=\"post-more\"><a class=\"read-more\" href=\"https:\/\/tunisie-verte-durable.org\/index.php\/greenovi\/2024\/12\/09\/greenovi-green4transition\/\">VOIR PLUS<\/a><\/div><\/li><\/ul><\/div><\/div><!-- .blog-inner --><\/div><!-- .cols --><div class=\"col-lg-4 col-md-4\"><div class=\"blog-inner\"><div class=\"post-thumb\"><div class=\"post-thumb-overlay\"><a href=\"https:\/\/tunisie-verte-durable.org\/index.php\/aresse\/2024\/11\/18\/aresse-green-impact\/\" class=\"post-link\"><\/a><\/div><img loading=\"lazy\" decoding=\"async\" width=\"582\" height=\"456\" src=\"https:\/\/tunisie-verte-durable.org\/wp-content\/uploads\/2025\/04\/1-582x456.png\" class=\"img-fluid wp-post-image\" alt=\"\" \/><\/div><!-- .post-thumb --><div class=\"entry-title\"><h4><a href=\"https:\/\/tunisie-verte-durable.org\/index.php\/aresse\/2024\/11\/18\/aresse-green-impact\/\" class=\"post-title\">Aresse: Green Impact<\/a><\/h4><\/div><!-- .entry-title --><div class=\"top-meta clearfix\"><ul class=\"top-meta-list\"><li><div class=\"post-date\"><a href=\"https:\/\/tunisie-verte-durable.org\/index.php\/2024\/11\/18\/\" >18 November 2024<\/a><\/div><\/li><\/ul><\/div><div class=\"post-excerpt\"><p>[vc_row css=&#8221;.vc_custom_1743950767070{margin-bottom: -80px !important;}&#8221;][vc_column width=&#8221;2\/3&#8243;][vc_column_text]Appel<\/p>\n<\/div><!-- .post-excerpt --><div class=\"bottom-meta clearfix\"><ul class=\"bottom-meta-list\"><li><div class=\"post-more\"><a class=\"read-more\" href=\"https:\/\/tunisie-verte-durable.org\/index.php\/aresse\/2024\/11\/18\/aresse-green-impact\/\">VOIR PLUS<\/a><\/div><\/li><\/ul><\/div><\/div><!-- .blog-inner --><\/div><!-- .cols --><div class=\"col-lg-4 col-md-4\"><div class=\"blog-inner\"><div class=\"post-thumb\"><div class=\"post-thumb-overlay\"><a href=\"https:\/\/tunisie-verte-durable.org\/index.php\/greenovi\/2024\/11\/04\/greenovi-lead4green\/\" class=\"post-link\"><\/a><\/div><img loading=\"lazy\" decoding=\"async\" width=\"582\" height=\"456\" src=\"https:\/\/tunisie-verte-durable.org\/wp-content\/uploads\/2025\/04\/3-582x456.png\" class=\"img-fluid wp-post-image\" alt=\"\" \/><\/div><!-- .post-thumb --><div class=\"entry-title\"><h4><a href=\"https:\/\/tunisie-verte-durable.org\/index.php\/greenovi\/2024\/11\/04\/greenovi-lead4green\/\" class=\"post-title\">Greenovi: Lead4Green<\/a><\/h4><\/div><!-- .entry-title --><div class=\"top-meta clearfix\"><ul class=\"top-meta-list\"><li><div class=\"post-date\"><a href=\"https:\/\/tunisie-verte-durable.org\/index.php\/2024\/11\/04\/\" >4 November 2024<\/a><\/div><\/li><\/ul><\/div><div class=\"post-excerpt\"><p>[vc_row css=&#8221;.vc_custom_1743950806452{margin-bottom: -80px !important;}&#8221;][vc_column][vc_column_text css=&#8221;&#8221;]<\/p>\n<\/div><!-- .post-excerpt --><div class=\"bottom-meta clearfix\"><ul class=\"bottom-meta-list\"><li><div class=\"post-more\"><a class=\"read-more\" href=\"https:\/\/tunisie-verte-durable.org\/index.php\/greenovi\/2024\/11\/04\/greenovi-lead4green\/\">VOIR PLUS<\/a><\/div><\/li><\/ul><\/div><\/div><!-- .blog-inner --><\/div><!-- .cols --><\/div><!-- .row --><\/div><!-- .blog-wrapper -->[\/vc_column_inner][\/vc_row_inner][\/vc_column][\/vc_row]<\/p>\n<\/div>","protected":false},"excerpt":{"rendered":"<p>[vc_row full_width=&#8221;stretch_row&#8221; css=&#8221;.vc_custom_1740220591187{margin-top: -120px !important;background-color:<\/p>\n","protected":false},"author":1,"featured_media":0,"parent":0,"menu_order":0,"comment_status":"closed","ping_status":"closed","template":"","meta":{"_piecal_is_event":false,"_piecal_start_date":"","_piecal_end_date":"","_piecal_is_allday":false,"footnotes":""},"class_list":["post-5914","page","type-page","status-publish","hentry"],"aioseo_notices":[],"_links":{"self":[{"href":"https:\/\/tunisie-verte-durable.org\/index.php\/wp-json\/wp\/v2\/pages\/5914","targetHints":{"allow":["GET"]}}],"collection":[{"href":"https:\/\/tunisie-verte-durable.org\/index.php\/wp-json\/wp\/v2\/pages"}],"about":[{"href":"https:\/\/tunisie-verte-durable.org\/index.php\/wp-json\/wp\/v2\/types\/page"}],"author":[{"embeddable":true,"href":"https:\/\/tunisie-verte-durable.org\/index.php\/wp-json\/wp\/v2\/users\/1"}],"replies":[{"embeddable":true,"href":"https:\/\/tunisie-verte-durable.org\/index.php\/wp-json\/wp\/v2\/comments?post=5914"}],"version-history":[{"count":14,"href":"https:\/\/tunisie-verte-durable.org\/index.php\/wp-json\/wp\/v2\/pages\/5914\/revisions"}],"predecessor-version":[{"id":6494,"href":"https:\/\/tunisie-verte-durable.org\/index.php\/wp-json\/wp\/v2\/pages\/5914\/revisions\/6494"}],"wp:attachment":[{"href":"https:\/\/tunisie-verte-durable.org\/index.php\/wp-json\/wp\/v2\/media?parent=5914"}],"curies":[{"name":"wp","href":"https:\/\/api.w.org\/{rel}","templated":true}]}}